{"id":140,"date":"2021-12-23T12:14:58","date_gmt":"2021-12-23T12:14:58","guid":{"rendered":"https:\/\/demosites.royal-elementor-addons.com\/nature-v1\/?page_id=140"},"modified":"2023-04-14T08:24:58","modified_gmt":"2023-04-14T08:24:58","slug":"ozgecmis","status":"publish","type":"page","link":"https:\/\/resulkurt.cekodesign.com\/index.php\/ozgecmis\/","title":{"rendered":"\u00d6zge\u00e7mi\u015f"},"content":{"rendered":"\t\t<div data-elementor-type=\"wp-page\" data-elementor-id=\"140\" class=\"elementor elementor-140\">\n\t\t\t\t\t\t\t\t\t<section class=\"elementor-section elementor-top-section elementor-element elementor-element-a60c1ce elementor-section-content-middle elementor-section-boxed elementor-section-height-default elementor-section-height-default wpr-particle-no wpr-jarallax-no wpr-parallax-no wpr-sticky-section-no\" data-id=\"a60c1ce\" data-element_type=\"section\" data-settings=\"{&quot;background_background&quot;:&quot;classic&quot;}\">\n\t\t\t\t\t\t\t<div class=\"elementor-background-overlay\"><\/div>\n\t\t\t\t\t\t\t<div class=\"elementor-container elementor-column-gap-default\">\n\t\t\t\t\t<div class=\"elementor-column elementor-col-100 elementor-top-column elementor-element elementor-element-c0a5566\" data-id=\"c0a5566\" data-element_type=\"column\" data-settings=\"{&quot;background_background&quot;:&quot;classic&quot;}\">\n\t\t\t<div class=\"elementor-widget-wrap elementor-element-populated\">\n\t\t\t\t\t\t\t\t<div class=\"elementor-element elementor-element-d29922a elementor-widget elementor-widget-heading\" data-id=\"d29922a\" data-element_type=\"widget\" data-widget_type=\"heading.default\">\n\t\t\t\t<div class=\"elementor-widget-container\">\n\t\t\t<style>\/*! elementor - v3.12.1 - 02-04-2023 *\/\n.elementor-heading-title{padding:0;margin:0;line-height:1}.elementor-widget-heading .elementor-heading-title[class*=elementor-size-]>a{color:inherit;font-size:inherit;line-height:inherit}.elementor-widget-heading .elementor-heading-title.elementor-size-small{font-size:15px}.elementor-widget-heading .elementor-heading-title.elementor-size-medium{font-size:19px}.elementor-widget-heading .elementor-heading-title.elementor-size-large{font-size:29px}.elementor-widget-heading .elementor-heading-title.elementor-size-xl{font-size:39px}.elementor-widget-heading .elementor-heading-title.elementor-size-xxl{font-size:59px}<\/style><h1 class=\"elementor-heading-title elementor-size-default\">\u00d6zge\u00e7mi\u015f<\/h1>\t\t<\/div>\n\t\t\t\t<\/div>\n\t\t\t\t\t<\/div>\n\t\t<\/div>\n\t\t\t\t\t\t\t<\/div>\n\t\t<\/section>\n\t\t\t\t<section class=\"elementor-section elementor-top-section elementor-element elementor-element-4992899 elementor-section-boxed elementor-section-height-default elementor-section-height-default wpr-particle-no wpr-jarallax-no wpr-parallax-no wpr-sticky-section-no\" data-id=\"4992899\" data-element_type=\"section\">\n\t\t\t\t\t\t<div class=\"elementor-container elementor-column-gap-default\">\n\t\t\t\t\t<div class=\"elementor-column elementor-col-100 elementor-top-column elementor-element elementor-element-6f7545e\" data-id=\"6f7545e\" data-element_type=\"column\">\n\t\t\t<div class=\"elementor-widget-wrap elementor-element-populated\">\n\t\t\t\t\t\t\t\t<section class=\"elementor-section elementor-inner-section elementor-element elementor-element-f905f56 elementor-section-content-middle elementor-section-boxed elementor-section-height-default elementor-section-height-default wpr-particle-no wpr-jarallax-no wpr-parallax-no wpr-sticky-section-no\" data-id=\"f905f56\" data-element_type=\"section\">\n\t\t\t\t\t\t<div class=\"elementor-container elementor-column-gap-default\">\n\t\t\t\t\t<div class=\"elementor-column elementor-col-50 elementor-inner-column elementor-element elementor-element-8c42577\" data-id=\"8c42577\" data-element_type=\"column\">\n\t\t\t<div class=\"elementor-widget-wrap elementor-element-populated\">\n\t\t\t\t\t\t\t\t<div class=\"elementor-element elementor-element-6b5c42a elementor-widget elementor-widget-image\" data-id=\"6b5c42a\" data-element_type=\"widget\" data-widget_type=\"image.default\">\n\t\t\t\t<div class=\"elementor-widget-container\">\n\t\t\t<style>\/*! elementor - v3.12.1 - 02-04-2023 *\/\n.elementor-widget-image{text-align:center}.elementor-widget-image a{display:inline-block}.elementor-widget-image a img[src$=\".svg\"]{width:48px}.elementor-widget-image img{vertical-align:middle;display:inline-block}<\/style>\t\t\t\t\t\t\t\t\t\t\t\t<img decoding=\"async\" width=\"960\" height=\"938\" src=\"https:\/\/resulkurt.cekodesign.com\/wp-content\/uploads\/2023\/04\/DSCF1935-scaled-e1681388120722-1024x1001.jpg\" class=\"attachment-large size-large wp-image-1099\" alt=\"\" loading=\"lazy\" srcset=\"https:\/\/resulkurt.cekodesign.com\/wp-content\/uploads\/2023\/04\/DSCF1935-scaled-e1681388120722-1024x1001.jpg 1024w, https:\/\/resulkurt.cekodesign.com\/wp-content\/uploads\/2023\/04\/DSCF1935-scaled-e1681388120722-300x293.jpg 300w, https:\/\/resulkurt.cekodesign.com\/wp-content\/uploads\/2023\/04\/DSCF1935-scaled-e1681388120722-768x751.jpg 768w, https:\/\/resulkurt.cekodesign.com\/wp-content\/uploads\/2023\/04\/DSCF1935-scaled-e1681388120722.jpg 1440w\" sizes=\"(max-width: 960px) 100vw, 960px\" \/>\t\t\t\t\t\t\t\t\t\t\t\t\t\t\t<\/div>\n\t\t\t\t<\/div>\n\t\t\t\t\t<\/div>\n\t\t<\/div>\n\t\t\t\t<div class=\"elementor-column elementor-col-50 elementor-inner-column elementor-element elementor-element-25b3988\" data-id=\"25b3988\" data-element_type=\"column\">\n\t\t\t<div class=\"elementor-widget-wrap elementor-element-populated\">\n\t\t\t\t\t\t\t\t<div class=\"elementor-element elementor-element-12a8159 elementor-widget elementor-widget-heading\" data-id=\"12a8159\" data-element_type=\"widget\" data-widget_type=\"heading.default\">\n\t\t\t\t<div class=\"elementor-widget-container\">\n\t\t\t<h2 class=\"elementor-heading-title elementor-size-default\">DO\u00c7.DR. RESUL KURT<br>\n<\/h2>\t\t<\/div>\n\t\t\t\t<\/div>\n\t\t\t\t<div class=\"elementor-element elementor-element-dfd5eb5 elementor-widget elementor-widget-heading\" data-id=\"dfd5eb5\" data-element_type=\"widget\" data-widget_type=\"heading.default\">\n\t\t\t\t<div class=\"elementor-widget-container\">\n\t\t\t<h4 class=\"elementor-heading-title elementor-size-default\">Ak Parti MKYK \u00dcyesi<br>\nSosyal Politikalar Ba\u015fkan Yard\u0131mc\u0131s\u0131<br>\nSosyal G\u00fcvenlik Uzman\u0131 \/ \u00d6\u011fretim \u00dcyesi \/ Gazeteci-Yazar<\/h4>\t\t<\/div>\n\t\t\t\t<\/div>\n\t\t\t\t<div class=\"elementor-element elementor-element-e5d52e5 elementor-widget-divider--view-line elementor-widget elementor-widget-divider\" data-id=\"e5d52e5\" data-element_type=\"widget\" data-widget_type=\"divider.default\">\n\t\t\t\t<div class=\"elementor-widget-container\">\n\t\t\t<style>\/*! elementor - v3.12.1 - 02-04-2023 *\/\n.elementor-widget-divider{--divider-border-style:none;--divider-border-width:1px;--divider-color:#0c0d0e;--divider-icon-size:20px;--divider-element-spacing:10px;--divider-pattern-height:24px;--divider-pattern-size:20px;--divider-pattern-url:none;--divider-pattern-repeat:repeat-x}.elementor-widget-divider .elementor-divider{display:flex}.elementor-widget-divider .elementor-divider__text{font-size:15px;line-height:1;max-width:95%}.elementor-widget-divider .elementor-divider__element{margin:0 var(--divider-element-spacing);flex-shrink:0}.elementor-widget-divider .elementor-icon{font-size:var(--divider-icon-size)}.elementor-widget-divider .elementor-divider-separator{display:flex;margin:0;direction:ltr}.elementor-widget-divider--view-line_icon .elementor-divider-separator,.elementor-widget-divider--view-line_text .elementor-divider-separator{align-items:center}.elementor-widget-divider--view-line_icon .elementor-divider-separator:after,.elementor-widget-divider--view-line_icon .elementor-divider-separator:before,.elementor-widget-divider--view-line_text .elementor-divider-separator:after,.elementor-widget-divider--view-line_text .elementor-divider-separator:before{display:block;content:\"\";border-bottom:0;flex-grow:1;border-top:var(--divider-border-width) var(--divider-border-style) var(--divider-color)}.elementor-widget-divider--element-align-left .elementor-divider .elementor-divider-separator>.elementor-divider__svg:first-of-type{flex-grow:0;flex-shrink:100}.elementor-widget-divider--element-align-left .elementor-divider-separator:before{content:none}.elementor-widget-divider--element-align-left .elementor-divider__element{margin-left:0}.elementor-widget-divider--element-align-right .elementor-divider .elementor-divider-separator>.elementor-divider__svg:last-of-type{flex-grow:0;flex-shrink:100}.elementor-widget-divider--element-align-right .elementor-divider-separator:after{content:none}.elementor-widget-divider--element-align-right .elementor-divider__element{margin-right:0}.elementor-widget-divider:not(.elementor-widget-divider--view-line_text):not(.elementor-widget-divider--view-line_icon) .elementor-divider-separator{border-top:var(--divider-border-width) var(--divider-border-style) var(--divider-color)}.elementor-widget-divider--separator-type-pattern{--divider-border-style:none}.elementor-widget-divider--separator-type-pattern.elementor-widget-divider--view-line .elementor-divider-separator,.elementor-widget-divider--separator-type-pattern:not(.elementor-widget-divider--view-line) .elementor-divider-separator:after,.elementor-widget-divider--separator-type-pattern:not(.elementor-widget-divider--view-line) .elementor-divider-separator:before,.elementor-widget-divider--separator-type-pattern:not([class*=elementor-widget-divider--view]) .elementor-divider-separator{width:100%;min-height:var(--divider-pattern-height);-webkit-mask-size:var(--divider-pattern-size) 100%;mask-size:var(--divider-pattern-size) 100%;-webkit-mask-repeat:var(--divider-pattern-repeat);mask-repeat:var(--divider-pattern-repeat);background-color:var(--divider-color);-webkit-mask-image:var(--divider-pattern-url);mask-image:var(--divider-pattern-url)}.elementor-widget-divider--no-spacing{--divider-pattern-size:auto}.elementor-widget-divider--bg-round{--divider-pattern-repeat:round}.rtl .elementor-widget-divider .elementor-divider__text{direction:rtl}.e-con-inner>.elementor-widget-divider,.e-con>.elementor-widget-divider{width:var(--container-widget-width,100%);--flex-grow:var(--container-widget-flex-grow)}<\/style>\t\t<div class=\"elementor-divider\">\n\t\t\t<span class=\"elementor-divider-separator\">\n\t\t\t\t\t\t<\/span>\n\t\t<\/div>\n\t\t\t\t<\/div>\n\t\t\t\t<\/div>\n\t\t\t\t\t<\/div>\n\t\t<\/div>\n\t\t\t\t\t\t\t<\/div>\n\t\t<\/section>\n\t\t\t\t<div class=\"elementor-element elementor-element-54d06e5 elementor-widget elementor-widget-spacer\" data-id=\"54d06e5\" data-element_type=\"widget\" data-widget_type=\"spacer.default\">\n\t\t\t\t<div class=\"elementor-widget-container\">\n\t\t\t<style>\/*! elementor - v3.12.1 - 02-04-2023 *\/\n.elementor-column .elementor-spacer-inner{height:var(--spacer-size)}.e-con{--container-widget-width:100%}.e-con-inner>.elementor-widget-spacer,.e-con>.elementor-widget-spacer{width:var(--container-widget-width,var(--spacer-size));--align-self:var(--container-widget-align-self,initial);--flex-shrink:0}.e-con-inner>.elementor-widget-spacer>.elementor-widget-container,.e-con-inner>.elementor-widget-spacer>.elementor-widget-container>.elementor-spacer,.e-con>.elementor-widget-spacer>.elementor-widget-container,.e-con>.elementor-widget-spacer>.elementor-widget-container>.elementor-spacer{height:100%}.e-con-inner>.elementor-widget-spacer>.elementor-widget-container>.elementor-spacer>.elementor-spacer-inner,.e-con>.elementor-widget-spacer>.elementor-widget-container>.elementor-spacer>.elementor-spacer-inner{height:var(--container-widget-height,var(--spacer-size))}<\/style>\t\t<div class=\"elementor-spacer\">\n\t\t\t<div class=\"elementor-spacer-inner\"><\/div>\n\t\t<\/div>\n\t\t\t\t<\/div>\n\t\t\t\t<\/div>\n\t\t\t\t\t<\/div>\n\t\t<\/div>\n\t\t\t\t\t\t\t<\/div>\n\t\t<\/section>\n\t\t\t\t<section class=\"elementor-section elementor-top-section elementor-element elementor-element-a120f13 elementor-section-boxed elementor-section-height-default elementor-section-height-default wpr-particle-no wpr-jarallax-no wpr-parallax-no wpr-sticky-section-no\" data-id=\"a120f13\" data-element_type=\"section\">\n\t\t\t\t\t\t<div class=\"elementor-container elementor-column-gap-default\">\n\t\t\t\t\t<div class=\"elementor-column elementor-col-100 elementor-top-column elementor-element elementor-element-1252804\" data-id=\"1252804\" data-element_type=\"column\">\n\t\t\t<div class=\"elementor-widget-wrap elementor-element-populated\">\n\t\t\t\t\t\t\t\t<div class=\"elementor-element elementor-element-d22b118 elementor-widget elementor-widget-text-editor\" data-id=\"d22b118\" data-element_type=\"widget\" data-widget_type=\"text-editor.default\">\n\t\t\t\t<div class=\"elementor-widget-container\">\n\t\t\t<style>\/*! elementor - v3.12.1 - 02-04-2023 *\/\n.elementor-widget-text-editor.elementor-drop-cap-view-stacked .elementor-drop-cap{background-color:#69727d;color:#fff}.elementor-widget-text-editor.elementor-drop-cap-view-framed .elementor-drop-cap{color:#69727d;border:3px solid;background-color:transparent}.elementor-widget-text-editor:not(.elementor-drop-cap-view-default) .elementor-drop-cap{margin-top:8px}.elementor-widget-text-editor:not(.elementor-drop-cap-view-default) .elementor-drop-cap-letter{width:1em;height:1em}.elementor-widget-text-editor .elementor-drop-cap{float:left;text-align:center;line-height:1;font-size:50px}.elementor-widget-text-editor .elementor-drop-cap-letter{display:inline-block}<\/style>\t\t\t\t<p>1971 y\u0131l\u0131nda Ad\u0131yaman\u2019da do\u011fdu. 1992 y\u0131l\u0131nda \u0130.\u00dc. Siyasal Bilgiler Fak\u00fcltesinden mezun oldu. Marmara \u00dcniversitesi Sosyal Sigortac\u0131l\u0131k program\u0131nda <strong>Y\u00fcksek Lisans<\/strong>\u00a0e\u011fitimini, Mali Hukuk program\u0131nda <strong>Doktora<\/strong> (Phd) e\u011fitimini tamamlad\u0131. 1995 y\u0131l\u0131nda, SSK Genel M\u00fcd\u00fcrl\u00fc\u011f\u00fc Sigorta M\u00fcfetti\u015f Yard\u0131mc\u0131s\u0131 olarak g\u00f6reve ba\u015flad\u0131. Sigorta M\u00fcfetti\u015fi, Ba\u015fm\u00fcfetti\u015f, Rapor Okuma Komisyonu Ba\u015fkan\u0131, SGK Ba\u015fkan Dan\u0131\u015fman\u0131 olarak \u00e7al\u0131\u015ft\u0131. \u00a02009 y\u0131l\u0131nda SGK Ba\u015fm\u00fcfetti\u015fi olarak s\u00fcrd\u00fcrd\u00fc\u011f\u00fc g\u00f6revinden istifa ederek ayr\u0131ld\u0131 ve tekrar Devlet Memurlu\u011fu g\u00f6revine d\u00f6nmedi. 2015 y\u0131l\u0131nda 25. D\u00f6nem ve 26. D\u00f6nem Milletvekili se\u00e7imlerinde \u0130stanbul 3. B\u00f6lge Milletvekili Aday\u0131 oldu. Ak Parti Genel Merkez Ekonomi \u0130\u015fleri Ba\u015fkan Yard\u0131mc\u0131s\u0131 olarak g\u00f6rev yapt\u0131. Ak Parti 7. Ola\u011fan B\u00fcy\u00fck Kongresinde MKYK \u00dcyeli\u011fine getirildi. 7. Ola\u011fan B\u00fcy\u00fck Kongresinden sonra Ak Parti Genel Merkez Sosyal Politikalar Ba\u015fkan Yard\u0131mc\u0131s\u0131 olarak atand\u0131. Marmara \u00dcniversitesi SBMYO ve BSYO\u2019nda, \u0130stinye \u00dcniversitesi\u2019nde, Bah\u00e7e\u015fehir \u00dcniversitesi Sosyal Bilimler Enstit\u00fcs\u00fcnde \u00d6\u011fretim G\u00f6revlisi olarak g\u00f6rev yapt\u0131.<\/p><p>Halen Bah\u00e7e\u015fehir \u00dcniversitesi BAUSEM \u0130\u015f Hukuku ve Sosyal G\u00fcvenlik Uzmanl\u0131\u011f\u0131 sertifika program\u0131 koordinat\u00f6rl\u00fc\u011f\u00fc g\u00f6revini y\u00fcr\u00fctmektedir.<\/p><p>\u0130\u015f G\u00fcvenli\u011fi Uzman\u0131d\u0131r.<strong><b>Sosyal G\u00fcvenlik<\/b><\/strong>, \u0130\u015f Hukuku, <strong><b>Vergi Hukuku,<\/b><\/strong>\u00a0\u0130\u015fsizlik, <strong><b>\u0130stihdam<\/b><\/strong>, Engelli Haklar\u0131, <strong><b>\u0130\u015f Sa\u011fl\u0131\u011f\u0131 Ve G\u00fcvenli\u011fi<\/b><\/strong>, Kad\u0131n Haklar\u0131, <strong><b>Sosyal Yard\u0131mlar ve Yoksulluk,<\/b><\/strong>\u00a0Sa\u011fl\u0131k ve <strong><b>\u00c7al\u0131\u015fma Hayat\u0131<\/b><\/strong>\u00a0konular\u0131nda \u00e7al\u0131\u015fmalar yapt\u0131. \u00c7ok say\u0131da <strong>ulusal ve uluslararas\u0131 sempozyumda<\/strong>\u00a0tebli\u011f sundu, bir \u00e7ok ilde seminer ve konferanslara konu\u015fmac\u0131 olarak kat\u0131ld\u0131.<\/p><p>Sosyal G\u00fcvenlik ve \u00c7al\u0131\u015fma Hayat\u0131 konular\u0131nda T\u00fcrkiye\u2019nin \u00f6nde gelen uzmanlar\u0131ndan birisidir. Yay\u0131nlanm\u0131\u015f \u00e7ok say\u0131da kitab\u0131 ve makalesi bulunmaktad\u0131r. \u0130stanbul Siyasal Vakf\u0131 Genel Ba\u015fkan Yard\u0131mc\u0131l\u0131\u011f\u0131, T\u00fcrkiye Ragbi Federasyonu Ba\u015fkan Vekilli\u011fi, Sosyal G\u00fcvenlik M\u00fc\u015favirleri Derne\u011fi Genel Ba\u015fkan Yard\u0131mc\u0131l\u0131\u011f\u0131, K\u0131z\u0131lay Bayrampa\u015fa \u015eubesinde Y\u00f6netim Kurulu \u00dcyeli\u011fi ve Sekreter Yard\u0131mc\u0131l\u0131\u011f\u0131 yapt\u0131. \u00c7e\u015fitli insani yard\u0131m yard\u0131m projelerinde g\u00f6n\u00fcll\u00fc \u00e7al\u0131\u015fmalarda bulundu.<\/p><p><strong><b>STAR GAZETES\u0130\u2019nde (Per\u015fembe-Cumartesi) <\/b><\/strong>ve <strong><b>YEN\u0130 B\u0130R EKONOM\u0130 GAZETES\u0130\u2019nde<\/b><\/strong>\u00a0<strong><b>(Cuma)<\/b><\/strong> g\u00fcnl\u00fck k\u00f6\u015fe yaz\u0131lar\u0131 yazmaktad\u0131r. Ayr\u0131ca<strong><b>\u00a0D\u00dcNYA GAZETES\u0130\u2019nde ve<\/b><\/strong>\u00a0<strong>HABER7.COM<\/strong> internet sitesinde k\u00f6\u015fe yazarl\u0131\u011f\u0131 Yapt\u0131.\u00a0<strong>\u00dclke Tv, TRT Haber, D\u00fcnya Ekonomi Tv ve Bloomberg TV\u2019de \u00e7al\u0131\u015fma hayat\u0131na ili\u015fkin TV programlar\u0131 yapt\u0131.\u00a0 <\/strong><strong>Ayr\u0131ca \u00a0Kanal 7, ATV, 24, TRT Haber, TRT T\u00fcrk, A Haber, \u00dclke TV, Bloomberg TV, TV Net, Haber T\u00fcrk, CNN T\u00fcrk, AK\u0130T TV, TGRT Haber, TV 8, Kanal D, Show TV <\/strong>gibi ulusal yay\u0131n yapan bir\u00e7ok televizyon kurulu\u015funda \u00e7e\u015fitli programlara s\u0131k s\u0131k kat\u0131larak g\u00f6r\u00fc\u015flerine ba\u015fvuruldu.<\/p><p>Evli ve\u00a0\u0130ki \u00e7ocuk sahibi olup \u0130ngilizce bilmektedir.<\/p>\t\t\t\t\t\t<\/div>\n\t\t\t\t<\/div>\n\t\t\t\t\t<\/div>\n\t\t<\/div>\n\t\t\t\t\t\t\t<\/div>\n\t\t<\/section>\n\t\t\t\t\t\t\t<\/div>\n\t\t","protected":false},"excerpt":{"rendered":"<p>\u00d6zge\u00e7mi\u015f DO\u00c7.DR. RESUL KURT Ak Parti MKYK \u00dcyesi Sosyal Politikalar Ba\u015fkan Yard\u0131mc\u0131s\u0131 Sosyal G\u00fcvenlik Uzman\u0131 \/ \u00d6\u011fretim \u00dcyesi \/ Gazeteci-Yazar 1971 y\u0131l\u0131nda Ad\u0131yaman\u2019da do\u011fdu. 1992 y\u0131l\u0131nda \u0130.\u00dc. Siyasal Bilgiler Fak\u00fcltesinden mezun oldu. Marmara \u00dcniversitesi Sosyal Sigortac\u0131l\u0131k program\u0131nda Y\u00fcksek Lisans\u00a0e\u011fitimini, Mali Hukuk program\u0131nda Doktora (Phd) e\u011fitimini tamamlad\u0131. 1995 y\u0131l\u0131nda, SSK Genel M\u00fcd\u00fcrl\u00fc\u011f\u00fc Sigorta M\u00fcfetti\u015f Yard\u0131mc\u0131s\u0131 olarak [&hellip;]<\/p>\n","protected":false},"author":1,"featured_media":0,"parent":0,"menu_order":0,"comment_status":"closed","ping_status":"closed","template":"elementor_canvas","meta":[],"aioseo_notices":[],"_links":{"self":[{"href":"https:\/\/resulkurt.cekodesign.com\/index.php\/wp-json\/wp\/v2\/pages\/140"}],"collection":[{"href":"https:\/\/resulkurt.cekodesign.com\/index.php\/wp-json\/wp\/v2\/pages"}],"about":[{"href":"https:\/\/resulkurt.cekodesign.com\/index.php\/wp-json\/wp\/v2\/types\/page"}],"author":[{"embeddable":true,"href":"https:\/\/resulkurt.cekodesign.com\/index.php\/wp-json\/wp\/v2\/users\/1"}],"replies":[{"embeddable":true,"href":"https:\/\/resulkurt.cekodesign.com\/index.php\/wp-json\/wp\/v2\/comments?post=140"}],"version-history":[{"count":40,"href":"https:\/\/resulkurt.cekodesign.com\/index.php\/wp-json\/wp\/v2\/pages\/140\/revisions"}],"predecessor-version":[{"id":1212,"href":"https:\/\/resulkurt.cekodesign.com\/index.php\/wp-json\/wp\/v2\/pages\/140\/revisions\/1212"}],"wp:attachment":[{"href":"https:\/\/resulkurt.cekodesign.com\/index.php\/wp-json\/wp\/v2\/media?parent=140"}],"curies":[{"name":"wp","href":"https:\/\/api.w.org\/{rel}","templated":true}]}}