{"id":305,"date":"2021-12-24T07:48:46","date_gmt":"2021-12-24T07:48:46","guid":{"rendered":"https:\/\/demosites.royal-elementor-addons.com\/nature-v1\/?page_id=305"},"modified":"2023-04-13T10:36:27","modified_gmt":"2023-04-13T10:36:27","slug":"gundem","status":"publish","type":"page","link":"https:\/\/resulkurt.cekodesign.com\/index.php\/gundem\/","title":{"rendered":"G\u00fcndem"},"content":{"rendered":"\t\t<div data-elementor-type=\"wp-page\" data-elementor-id=\"305\" class=\"elementor elementor-305\">\n\t\t\t\t\t\t\t\t\t<section class=\"elementor-section elementor-top-section elementor-element elementor-element-b679935 elementor-section-content-middle elementor-section-boxed elementor-section-height-default elementor-section-height-default wpr-particle-no wpr-jarallax-no wpr-parallax-no wpr-sticky-section-no\" data-id=\"b679935\" data-element_type=\"section\" data-settings=\"{&quot;background_background&quot;:&quot;classic&quot;}\">\n\t\t\t\t\t\t\t<div class=\"elementor-background-overlay\"><\/div>\n\t\t\t\t\t\t\t<div class=\"elementor-container elementor-column-gap-default\">\n\t\t\t\t\t<div class=\"elementor-column elementor-col-100 elementor-top-column elementor-element elementor-element-2fa5267\" data-id=\"2fa5267\" data-element_type=\"column\" data-settings=\"{&quot;background_background&quot;:&quot;classic&quot;}\">\n\t\t\t<div class=\"elementor-widget-wrap elementor-element-populated\">\n\t\t\t\t\t\t\t\t<div class=\"elementor-element elementor-element-f1bf96d elementor-widget elementor-widget-heading\" data-id=\"f1bf96d\" data-element_type=\"widget\" data-widget_type=\"heading.default\">\n\t\t\t\t<div class=\"elementor-widget-container\">\n\t\t\t<style>\/*! elementor - v3.12.1 - 02-04-2023 *\/\n.elementor-heading-title{padding:0;margin:0;line-height:1}.elementor-widget-heading .elementor-heading-title[class*=elementor-size-]>a{color:inherit;font-size:inherit;line-height:inherit}.elementor-widget-heading .elementor-heading-title.elementor-size-small{font-size:15px}.elementor-widget-heading .elementor-heading-title.elementor-size-medium{font-size:19px}.elementor-widget-heading .elementor-heading-title.elementor-size-large{font-size:29px}.elementor-widget-heading .elementor-heading-title.elementor-size-xl{font-size:39px}.elementor-widget-heading .elementor-heading-title.elementor-size-xxl{font-size:59px}<\/style><h2 class=\"elementor-heading-title elementor-size-default\">G\u00fcndem<\/h2>\t\t<\/div>\n\t\t\t\t<\/div>\n\t\t\t\t\t<\/div>\n\t\t<\/div>\n\t\t\t\t\t\t\t<\/div>\n\t\t<\/section>\n\t\t\t\t<section class=\"elementor-section elementor-top-section elementor-element elementor-element-c738529 elementor-section-boxed elementor-section-height-default elementor-section-height-default wpr-particle-no wpr-jarallax-no wpr-parallax-no wpr-sticky-section-no\" data-id=\"c738529\" data-element_type=\"section\">\n\t\t\t\t\t\t<div class=\"elementor-container elementor-column-gap-default\">\n\t\t\t\t\t<div class=\"elementor-column elementor-col-100 elementor-top-column elementor-element elementor-element-6d37d7a\" data-id=\"6d37d7a\" data-element_type=\"column\">\n\t\t\t<div class=\"elementor-widget-wrap elementor-element-populated\">\n\t\t\t\t\t\t\t\t<div class=\"elementor-element elementor-element-ece59c7 wpr-grid-columns-3 wpr-grid-columns--tablet2 wpr-grid-columns--mobile1 wpr-grid-pagination-center elementor-widget elementor-widget-wpr-grid\" data-id=\"ece59c7\" data-element_type=\"widget\" data-widget_type=\"wpr-grid.default\">\n\t\t\t\t<div class=\"elementor-widget-container\">\n\t\t\t<ul class=\"wpr-grid-filters elementor-clearfix wpr-grid-filters-sep-right\"><li class=\" wpr-pointer-none wpr-pointer-line-fx wpr-pointer-fx-none\"><span data-filter=\"*\" class=\"wpr-active-filter \">All Post<\/span><em class=\"wpr-grid-filters-sep\"><\/em><\/li><li class=\" wpr-pointer-none wpr-pointer-line-fx wpr-pointer-fx-none\"><span  data-filter=\".category-gundem\">G\u00fcndem<\/span><em class=\"wpr-grid-filters-sep\"><\/em><\/li><\/ul><section class=\"wpr-grid elementor-clearfix\" data-settings=\"{&quot;layout&quot;:&quot;fitRows&quot;,&quot;columns_desktop&quot;:3,&quot;gutter_hr&quot;:15,&quot;gutter_hr_mobile&quot;:15,&quot;gutter_hr_mobile_extra&quot;:15,&quot;gutter_hr_tablet&quot;:15,&quot;gutter_hr_tablet_extra&quot;:15,&quot;gutter_hr_laptop&quot;:15,&quot;gutter_hr_widescreen&quot;:15,&quot;gutter_vr&quot;:40,&quot;gutter_vr_mobile&quot;:40,&quot;gutter_vr_mobile_extra&quot;:40,&quot;gutter_vr_tablet&quot;:40,&quot;gutter_vr_tablet_extra&quot;:40,&quot;gutter_vr_laptop&quot;:40,&quot;gutter_vr_widescreen&quot;:40,&quot;animation&quot;:&quot;default&quot;,&quot;animation_duration&quot;:0.3,&quot;animation_delay&quot;:0.1,&quot;deeplinking&quot;:&quot;&quot;,&quot;filters_linkable&quot;:&quot;no&quot;,&quot;filters_default_filter&quot;:&quot;&quot;,&quot;filters_count&quot;:&quot;&quot;,&quot;filters_hide_empty&quot;:&quot;no&quot;,&quot;filters_animation&quot;:&quot;default&quot;,&quot;filters_animation_duration&quot;:0.3,&quot;filters_animation_delay&quot;:0.1,&quot;pagination_type&quot;:&quot;load-more&quot;,&quot;pagination_max_pages&quot;:1,&quot;lightbox&quot;:{&quot;selector&quot;:&quot;.wpr-grid-image-wrap&quot;,&quot;iframeMaxWidth&quot;:&quot;60%&quot;,&quot;hash&quot;:false,&quot;autoplay&quot;:&quot;true&quot;,&quot;pause&quot;:5000,&quot;progressBar&quot;:&quot;true&quot;,&quot;counter&quot;:&quot;true&quot;,&quot;controls&quot;:&quot;true&quot;,&quot;getCaptionFromTitleOrAlt&quot;:&quot;true&quot;,&quot;thumbnail&quot;:&quot;&quot;,&quot;showThumbByDefault&quot;:&quot;&quot;,&quot;share&quot;:&quot;&quot;,&quot;zoom&quot;:&quot;true&quot;,&quot;fullScreen&quot;:&quot;true&quot;,&quot;download&quot;:&quot;true&quot;}}\"><article class=\"wpr-grid-item elementor-clearfix post-398 post type-post status-publish format-standard has-post-thumbnail hentry category-gundem\"><div class=\"wpr-grid-item-inner\"><div class=\"wpr-grid-media-wrap wpr-effect-size-medium \" data-overlay-link=\"yes\"><div class=\"wpr-grid-image-wrap\" data-src=\"https:\/\/resulkurt.cekodesign.com\/wp-content\/uploads\/2021\/12\/Calisma-yuzeyi-1.png\"><img decoding=\"async\" src=\"https:\/\/resulkurt.cekodesign.com\/wp-content\/uploads\/2021\/12\/Calisma-yuzeyi-1.png\" alt=\"\u201cT\u00fcrkiye \u0130\u00e7in\u201d t\u00fcm g\u00fcc\u00fcm\u00fczle\" class=\"wpr-anim-timing-ease-default\"><\/div><div class=\"wpr-grid-media-hover wpr-animation-wrap\"><div class=\"wpr-grid-media-hover-bg  wpr-overlay-fade-in wpr-anim-size-large wpr-anim-timing-ease-default wpr-anim-transparency\" data-url=\"https:\/\/resulkurt.cekodesign.com\/index.php\/2023\/04\/11\/turkiye-icin-tum-gucumuzle\/\"><\/div><\/div><\/div><div class=\"wpr-grid-item-below-content elementor-clearfix\"><h2 class=\"wpr-grid-item-title elementor-repeater-item-5856a5b wpr-grid-item-display-block wpr-grid-item-align-left wpr-pointer-none wpr-pointer-line-fx wpr-pointer-fx-fade\"><div class=\"inner-block\"><a target=\"_self\"  href=\"https:\/\/resulkurt.cekodesign.com\/index.php\/2023\/04\/11\/turkiye-icin-tum-gucumuzle\/\">\u201cT\u00fcrkiye \u0130\u00e7in\u201d t\u00fcm g\u00fcc\u00fcm\u00fczle<\/a><\/div><\/h2><div class=\"wpr-grid-item-date elementor-repeater-item-405f9fe wpr-grid-item-display-inline wpr-grid-item-align-left\"><div class=\"inner-block\"><span>Nisan 11, 2023<span class=\"wpr-grid-extra-text-right\">\/<\/span><\/span><\/div><\/div><div class=\"wpr-grid-item-excerpt elementor-repeater-item-fba8c1b wpr-grid-item-display-block wpr-grid-item-align-left\"><div class=\"inner-block\"><p>G\u00fcn geldi depremin gizli kahramanlar\u0131n\u0131 yazd\u0131m, g\u00fcn geldi Kahramanmara\u015f merkezli depremlerin etkiledi\u011fi b\u00f6lgelerin ihtiya\u00e7lar\u0131n\u0131, kahramanlar\u0131n\u0131 yazd\u0131k. G\u00fcn geldi \u00e7ad\u0131r kentler&hellip;<\/p><\/div><\/div><div class=\"wpr-grid-item-read-more elementor-repeater-item-dbe3248 wpr-grid-item-display-block wpr-grid-item-align-left\"><div class=\"inner-block\"><a target=\"_self\" href=\"https:\/\/resulkurt.cekodesign.com\/index.php\/2023\/04\/11\/turkiye-icin-tum-gucumuzle\/\" class=\"wpr-button-effect wpr-button-none\"><span>Devam\u0131n\u0131 Oku<\/span><\/a><\/div><\/div><\/div><\/div><\/article><article class=\"wpr-grid-item elementor-clearfix post-396 post type-post status-publish format-standard has-post-thumbnail hentry category-gundem\"><div class=\"wpr-grid-item-inner\"><div class=\"wpr-grid-media-wrap wpr-effect-size-medium \" data-overlay-link=\"yes\"><div class=\"wpr-grid-image-wrap\" data-src=\"https:\/\/resulkurt.cekodesign.com\/wp-content\/uploads\/2021\/12\/Calisma-yuzeyi-1.png\"><img decoding=\"async\" src=\"https:\/\/resulkurt.cekodesign.com\/wp-content\/uploads\/2021\/12\/Calisma-yuzeyi-1.png\" alt=\"EYT&#8217;li i\u015f\u00e7inin ihbar tazminat\u0131 var m\u0131?\" class=\"wpr-anim-timing-ease-default\"><\/div><div class=\"wpr-grid-media-hover wpr-animation-wrap\"><div class=\"wpr-grid-media-hover-bg  wpr-overlay-fade-in wpr-anim-size-large wpr-anim-timing-ease-default wpr-anim-transparency\" data-url=\"https:\/\/resulkurt.cekodesign.com\/index.php\/2023\/04\/07\/eyt-li-iscinin-ihbar-tazminati-var-mi\/\"><\/div><\/div><\/div><div class=\"wpr-grid-item-below-content elementor-clearfix\"><h2 class=\"wpr-grid-item-title elementor-repeater-item-5856a5b wpr-grid-item-display-block wpr-grid-item-align-left wpr-pointer-none wpr-pointer-line-fx wpr-pointer-fx-fade\"><div class=\"inner-block\"><a target=\"_self\"  href=\"https:\/\/resulkurt.cekodesign.com\/index.php\/2023\/04\/07\/eyt-li-iscinin-ihbar-tazminati-var-mi\/\">EYT&#8217;li i\u015f\u00e7inin ihbar tazminat\u0131 var m\u0131?<\/a><\/div><\/h2><div class=\"wpr-grid-item-date elementor-repeater-item-405f9fe wpr-grid-item-display-inline wpr-grid-item-align-left\"><div class=\"inner-block\"><span>Nisan 7, 2023<span class=\"wpr-grid-extra-text-right\">\/<\/span><\/span><\/div><\/div><div class=\"wpr-grid-item-excerpt elementor-repeater-item-fba8c1b wpr-grid-item-display-block wpr-grid-item-align-left\"><div class=\"inner-block\"><p>EYT&#8217;li i\u015f\u00e7inin ihbar tazminat\u0131 var m\u0131? EYT yasas\u0131n\u0131n y\u00fcr\u00fcrl\u00fc\u011fe girmesiyle birlikte okurlar\u0131m\u0131zdan da her g\u00fcn onlarca soru geliyor. Baz\u0131 okurlar\u0131m\u0131z&hellip;<\/p><\/div><\/div><div class=\"wpr-grid-item-read-more elementor-repeater-item-dbe3248 wpr-grid-item-display-block wpr-grid-item-align-left\"><div class=\"inner-block\"><a target=\"_self\" href=\"https:\/\/resulkurt.cekodesign.com\/index.php\/2023\/04\/07\/eyt-li-iscinin-ihbar-tazminati-var-mi\/\" class=\"wpr-button-effect wpr-button-none\"><span>Devam\u0131n\u0131 Oku<\/span><\/a><\/div><\/div><\/div><\/div><\/article><article class=\"wpr-grid-item elementor-clearfix post-393 post type-post status-publish format-standard has-post-thumbnail hentry category-gundem\"><div class=\"wpr-grid-item-inner\"><div class=\"wpr-grid-media-wrap wpr-effect-size-medium \" data-overlay-link=\"yes\"><div class=\"wpr-grid-image-wrap\" data-src=\"https:\/\/resulkurt.cekodesign.com\/wp-content\/uploads\/2021\/12\/Calisma-yuzeyi-1.png\"><img decoding=\"async\" src=\"https:\/\/resulkurt.cekodesign.com\/wp-content\/uploads\/2021\/12\/Calisma-yuzeyi-1.png\" alt=\"K\u0131dem Tazminat\u0131na KGF Kredisi\" class=\"wpr-anim-timing-ease-default\"><\/div><div class=\"wpr-grid-media-hover wpr-animation-wrap\"><div class=\"wpr-grid-media-hover-bg  wpr-overlay-fade-in wpr-anim-size-large wpr-anim-timing-ease-default wpr-anim-transparency\" data-url=\"https:\/\/resulkurt.cekodesign.com\/index.php\/2023\/04\/04\/kidem-tazminatina-kgf-kredisi\/\"><\/div><\/div><\/div><div class=\"wpr-grid-item-below-content elementor-clearfix\"><h2 class=\"wpr-grid-item-title elementor-repeater-item-5856a5b wpr-grid-item-display-block wpr-grid-item-align-left wpr-pointer-none wpr-pointer-line-fx wpr-pointer-fx-fade\"><div class=\"inner-block\"><a target=\"_self\"  href=\"https:\/\/resulkurt.cekodesign.com\/index.php\/2023\/04\/04\/kidem-tazminatina-kgf-kredisi\/\">K\u0131dem Tazminat\u0131na KGF Kredisi<\/a><\/div><\/h2><div class=\"wpr-grid-item-date elementor-repeater-item-405f9fe wpr-grid-item-display-inline wpr-grid-item-align-left\"><div class=\"inner-block\"><span>Nisan 4, 2023<span class=\"wpr-grid-extra-text-right\">\/<\/span><\/span><\/div><\/div><div class=\"wpr-grid-item-excerpt elementor-repeater-item-fba8c1b wpr-grid-item-display-block wpr-grid-item-align-left\"><div class=\"inner-block\"><p>K\u0131dem Tazminat\u0131na KGF Kredisi Yakla\u015f\u0131k 3 ay\u0131 a\u015fk\u0131n bir s\u00fcredir g\u00fcndemde olan EYT d\u00fczenlemesi 7438 say\u0131l\u0131 Kanun yasala\u015fmas\u0131yla birlikte yeni&hellip;<\/p><\/div><\/div><div class=\"wpr-grid-item-read-more elementor-repeater-item-dbe3248 wpr-grid-item-display-block wpr-grid-item-align-left\"><div class=\"inner-block\"><a target=\"_self\" href=\"https:\/\/resulkurt.cekodesign.com\/index.php\/2023\/04\/04\/kidem-tazminatina-kgf-kredisi\/\" class=\"wpr-button-effect wpr-button-none\"><span>Devam\u0131n\u0131 Oku<\/span><\/a><\/div><\/div><\/div><\/div><\/article><article class=\"wpr-grid-item elementor-clearfix post-391 post type-post status-publish format-standard has-post-thumbnail hentry category-gundem\"><div class=\"wpr-grid-item-inner\"><div class=\"wpr-grid-media-wrap wpr-effect-size-medium \" data-overlay-link=\"yes\"><div class=\"wpr-grid-image-wrap\" data-src=\"https:\/\/resulkurt.cekodesign.com\/wp-content\/uploads\/2021\/12\/Calisma-yuzeyi-1.png\"><img decoding=\"async\" src=\"https:\/\/resulkurt.cekodesign.com\/wp-content\/uploads\/2021\/12\/Calisma-yuzeyi-1.png\" alt=\"Deprem yard\u0131m\u0131 yapan i\u015fveren vergi-SGK primi \u00f6demeyecek\" class=\"wpr-anim-timing-ease-default\"><\/div><div class=\"wpr-grid-media-hover wpr-animation-wrap\"><div class=\"wpr-grid-media-hover-bg  wpr-overlay-fade-in wpr-anim-size-large wpr-anim-timing-ease-default wpr-anim-transparency\" data-url=\"https:\/\/resulkurt.cekodesign.com\/index.php\/2023\/03\/28\/deprem-yardimi-yapan-kisiye-isveren-sgk-pirimi-odenmeyecek\/\"><\/div><\/div><\/div><div class=\"wpr-grid-item-below-content elementor-clearfix\"><h2 class=\"wpr-grid-item-title elementor-repeater-item-5856a5b wpr-grid-item-display-block wpr-grid-item-align-left wpr-pointer-none wpr-pointer-line-fx wpr-pointer-fx-fade\"><div class=\"inner-block\"><a target=\"_self\"  href=\"https:\/\/resulkurt.cekodesign.com\/index.php\/2023\/03\/28\/deprem-yardimi-yapan-kisiye-isveren-sgk-pirimi-odenmeyecek\/\">Deprem yard\u0131m\u0131 yapan i\u015fveren vergi-SGK primi \u00f6demeyecek<\/a><\/div><\/h2><div class=\"wpr-grid-item-date elementor-repeater-item-405f9fe wpr-grid-item-display-inline wpr-grid-item-align-left\"><div class=\"inner-block\"><span>Mart 28, 2023<span class=\"wpr-grid-extra-text-right\">\/<\/span><\/span><\/div><\/div><div class=\"wpr-grid-item-excerpt elementor-repeater-item-fba8c1b wpr-grid-item-display-block wpr-grid-item-align-left\"><div class=\"inner-block\"><p>Deprem yard\u0131m\u0131 yapan i\u015fveren vergi-SGK primi \u00f6demeyecek Deprem bir\u00e7ok \u00e7al\u0131\u015fan ve i\u015fverenin hayat\u0131nda \u00f6nemli de\u011fi\u015fikliklere sebebiyet verdi. \u0130\u015fte \u00e7al\u0131\u015fanlar\u0131n ma\u011fduriyetlerinin&hellip;<\/p><\/div><\/div><div class=\"wpr-grid-item-read-more elementor-repeater-item-dbe3248 wpr-grid-item-display-block wpr-grid-item-align-left\"><div class=\"inner-block\"><a target=\"_self\" href=\"https:\/\/resulkurt.cekodesign.com\/index.php\/2023\/03\/28\/deprem-yardimi-yapan-kisiye-isveren-sgk-pirimi-odenmeyecek\/\" class=\"wpr-button-effect wpr-button-none\"><span>Devam\u0131n\u0131 Oku<\/span><\/a><\/div><\/div><\/div><\/div><\/article><article class=\"wpr-grid-item elementor-clearfix post-380 post type-post status-publish format-standard has-post-thumbnail hentry category-gundem\"><div class=\"wpr-grid-item-inner\"><div class=\"wpr-grid-media-wrap wpr-effect-size-medium \" data-overlay-link=\"yes\"><div class=\"wpr-grid-image-wrap\" data-src=\"https:\/\/resulkurt.cekodesign.com\/wp-content\/uploads\/2021\/12\/Calisma-yuzeyi-1.png\"><img decoding=\"async\" src=\"https:\/\/resulkurt.cekodesign.com\/wp-content\/uploads\/2021\/12\/Calisma-yuzeyi-1.png\" alt=\"Hangi i\u015fyerleri engelli \u00e7al\u0131\u015ft\u0131rmak zorunda\" class=\"wpr-anim-timing-ease-default\"><\/div><div class=\"wpr-grid-media-hover wpr-animation-wrap\"><div class=\"wpr-grid-media-hover-bg  wpr-overlay-fade-in wpr-anim-size-large wpr-anim-timing-ease-default wpr-anim-transparency\" data-url=\"https:\/\/resulkurt.cekodesign.com\/index.php\/2023\/03\/24\/hangi-isyerleri-engelli-calistirmak-zorunda\/\"><\/div><\/div><\/div><div class=\"wpr-grid-item-below-content elementor-clearfix\"><h2 class=\"wpr-grid-item-title elementor-repeater-item-5856a5b wpr-grid-item-display-block wpr-grid-item-align-left wpr-pointer-none wpr-pointer-line-fx wpr-pointer-fx-fade\"><div class=\"inner-block\"><a target=\"_self\"  href=\"https:\/\/resulkurt.cekodesign.com\/index.php\/2023\/03\/24\/hangi-isyerleri-engelli-calistirmak-zorunda\/\">Hangi i\u015fyerleri engelli \u00e7al\u0131\u015ft\u0131rmak zorunda<\/a><\/div><\/h2><div class=\"wpr-grid-item-date elementor-repeater-item-405f9fe wpr-grid-item-display-inline wpr-grid-item-align-left\"><div class=\"inner-block\"><span>Mart 24, 2023<span class=\"wpr-grid-extra-text-right\">\/<\/span><\/span><\/div><\/div><div class=\"wpr-grid-item-excerpt elementor-repeater-item-fba8c1b wpr-grid-item-display-block wpr-grid-item-align-left\"><div class=\"inner-block\"><p>Hangi i\u015fyerleri engelli \u00e7al\u0131\u015ft\u0131rmak zorunda? 4857 say\u0131l\u0131 \u0130\u015f Kanunu&#8217;nun 30&#8217;uncu maddesi ile \u00f6zel sekt\u00f6r\u00fc i\u015fverenleri ayn\u0131 ilde faaliyet y\u00fcr\u00fcten i\u015fyeri&hellip;<\/p><\/div><\/div><div class=\"wpr-grid-item-read-more elementor-repeater-item-dbe3248 wpr-grid-item-display-block wpr-grid-item-align-left\"><div class=\"inner-block\"><a target=\"_self\" href=\"https:\/\/resulkurt.cekodesign.com\/index.php\/2023\/03\/24\/hangi-isyerleri-engelli-calistirmak-zorunda\/\" class=\"wpr-button-effect wpr-button-none\"><span>Devam\u0131n\u0131 Oku<\/span><\/a><\/div><\/div><\/div><\/div><\/article><article class=\"wpr-grid-item elementor-clearfix post-378 post type-post status-publish format-standard has-post-thumbnail hentry category-gundem\"><div class=\"wpr-grid-item-inner\"><div class=\"wpr-grid-media-wrap wpr-effect-size-medium \" data-overlay-link=\"yes\"><div class=\"wpr-grid-image-wrap\" data-src=\"https:\/\/resulkurt.cekodesign.com\/wp-content\/uploads\/2021\/12\/Calisma-yuzeyi-1.png\"><img decoding=\"async\" src=\"https:\/\/resulkurt.cekodesign.com\/wp-content\/uploads\/2021\/12\/Calisma-yuzeyi-1.png\" alt=\"SGK genelgesiyle EYT uygulamas\u0131na ili\u015fkin yap\u0131lan d\u00fczenlemeler\" class=\"wpr-anim-timing-ease-default\"><\/div><div class=\"wpr-grid-media-hover wpr-animation-wrap\"><div class=\"wpr-grid-media-hover-bg  wpr-overlay-fade-in wpr-anim-size-large wpr-anim-timing-ease-default wpr-anim-transparency\" data-url=\"https:\/\/resulkurt.cekodesign.com\/index.php\/2023\/03\/21\/sgk-genelgesiyle-eyt-uygulamasina-iliskin-yapilan-duzenlemeler\/\"><\/div><\/div><\/div><div class=\"wpr-grid-item-below-content elementor-clearfix\"><h2 class=\"wpr-grid-item-title elementor-repeater-item-5856a5b wpr-grid-item-display-block wpr-grid-item-align-left wpr-pointer-none wpr-pointer-line-fx wpr-pointer-fx-fade\"><div class=\"inner-block\"><a target=\"_self\"  href=\"https:\/\/resulkurt.cekodesign.com\/index.php\/2023\/03\/21\/sgk-genelgesiyle-eyt-uygulamasina-iliskin-yapilan-duzenlemeler\/\">SGK genelgesiyle EYT uygulamas\u0131na ili\u015fkin yap\u0131lan d\u00fczenlemeler<\/a><\/div><\/h2><div class=\"wpr-grid-item-date elementor-repeater-item-405f9fe wpr-grid-item-display-inline wpr-grid-item-align-left\"><div class=\"inner-block\"><span>Mart 21, 2023<span class=\"wpr-grid-extra-text-right\">\/<\/span><\/span><\/div><\/div><div class=\"wpr-grid-item-excerpt elementor-repeater-item-fba8c1b wpr-grid-item-display-block wpr-grid-item-align-left\"><div class=\"inner-block\"><p>SGK genelgesiyle EYT uygulamas\u0131na ili\u015fkin yap\u0131lan d\u00fczenlemeler Sosyal G\u00fcvenlik Kurumu taraf\u0131ndan, EYT Uygulamas\u0131na \u0130li\u015fkin 2023\/13 say\u0131l\u0131 genelge yay\u0131nlanm\u0131\u015ft\u0131r. 03\/03\/2023 tarih&hellip;<\/p><\/div><\/div><div class=\"wpr-grid-item-read-more elementor-repeater-item-dbe3248 wpr-grid-item-display-block wpr-grid-item-align-left\"><div class=\"inner-block\"><a target=\"_self\" href=\"https:\/\/resulkurt.cekodesign.com\/index.php\/2023\/03\/21\/sgk-genelgesiyle-eyt-uygulamasina-iliskin-yapilan-duzenlemeler\/\" class=\"wpr-button-effect wpr-button-none\"><span>Devam\u0131n\u0131 Oku<\/span><\/a><\/div><\/div><\/div><\/div><\/article><\/section>\t\t<\/div>\n\t\t\t\t<\/div>\n\t\t\t\t\t<\/div>\n\t\t<\/div>\n\t\t\t\t\t\t\t<\/div>\n\t\t<\/section>\n\t\t\t\t\t\t\t<\/div>\n\t\t","protected":false},"excerpt":{"rendered":"<p>G\u00fcndem All Post Biking Uncategorized \u201cT\u00fcrkiye \u0130\u00e7in\u201d t\u00fcm g\u00fcc\u00fcm\u00fczle April 11, 2023\/ G\u00fcn geldi depremin gizli kahramanlar\u0131n\u0131 yazd\u0131m, g\u00fcn geldi Kahramanmara\u015f merkezli depremlerin etkiledi\u011fi b\u00f6lgelerin ihtiya\u00e7lar\u0131n\u0131, kahramanlar\u0131n\u0131 yazd\u0131k. G\u00fcn geldi \u00e7ad\u0131r kentler&hellip; Devam\u0131n\u0131 Oku EYT&#8217;li i\u015f\u00e7inin ihbar tazminat\u0131 var m\u0131? April 7, 2023\/ EYT&#8217;li i\u015f\u00e7inin ihbar tazminat\u0131 var m\u0131? EYT yasas\u0131n\u0131n y\u00fcr\u00fcrl\u00fc\u011fe girmesiyle birlikte okurlar\u0131m\u0131zdan [&hellip;]<\/p>\n","protected":false},"author":1,"featured_media":0,"parent":0,"menu_order":0,"comment_status":"closed","ping_status":"closed","template":"elementor_canvas","meta":[],"aioseo_notices":[],"_links":{"self":[{"href":"https:\/\/resulkurt.cekodesign.com\/index.php\/wp-json\/wp\/v2\/pages\/305"}],"collection":[{"href":"https:\/\/resulkurt.cekodesign.com\/index.php\/wp-json\/wp\/v2\/pages"}],"about":[{"href":"https:\/\/resulkurt.cekodesign.com\/index.php\/wp-json\/wp\/v2\/types\/page"}],"author":[{"embeddable":true,"href":"https:\/\/resulkurt.cekodesign.com\/index.php\/wp-json\/wp\/v2\/users\/1"}],"replies":[{"embeddable":true,"href":"https:\/\/resulkurt.cekodesign.com\/index.php\/wp-json\/wp\/v2\/comments?post=305"}],"version-history":[{"count":25,"href":"https:\/\/resulkurt.cekodesign.com\/index.php\/wp-json\/wp\/v2\/pages\/305\/revisions"}],"predecessor-version":[{"id":1044,"href":"https:\/\/resulkurt.cekodesign.com\/index.php\/wp-json\/wp\/v2\/pages\/305\/revisions\/1044"}],"wp:attachment":[{"href":"https:\/\/resulkurt.cekodesign.com\/index.php\/wp-json\/wp\/v2\/media?parent=305"}],"curies":[{"name":"wp","href":"https:\/\/api.w.org\/{rel}","templated":true}]}}